{"id":1499,"date":"2020-04-11T08:28:43","date_gmt":"2020-04-11T08:28:43","guid":{"rendered":"https:\/\/vantis.pt\/vantissuite2\/sobre-nos\/"},"modified":"2020-04-11T08:28:43","modified_gmt":"2020-04-11T08:28:43","slug":"sobre-nos","status":"publish","type":"page","link":"https:\/\/vantis.pt\/vantissuite\/sobre-nos\/","title":{"rendered":"Sobre n\u00f3s"},"content":{"rendered":"<h1>About Us<\/h1>\n<ol>\n<li aria-current=\"page\">Home<\/li>\n<\/ol>\n<p>\t\t<img loading=\"lazy\" decoding=\"async\" width=\"591\" height=\"391\" src=\"https:\/\/vantis.pt\/vantissuite2\/wp-content\/uploads\/2020\/04\/30.png\" alt=\"\" loading=\"lazy\" srcset=\"https:\/\/vantis.pt\/vantissuite2\/wp-content\/uploads\/2020\/04\/30.png 591w, https:\/\/jupiterx.artbees.net\/data-analysis\/wp-content\/uploads\/sites\/384\/2020\/04\/30-300x198.png 300w\" sizes=\"auto, (max-width: 591px) 100vw, 591px\" \/>\t\t<\/p>\n<h2>Year\u2019s of exprience<br \/>\nin this game.<\/h2>\n<h5>About our company<\/h5>\n<h2>We provides realtime data<br \/>\nsolutions your data Will<br \/>\ntravel security.<\/h2>\n<p>Data management technologies global data marketplaces and award-winning customer service lorem ipsum dolor ametctetur adipisicing elit, sed do eiusmod tempor incididunt labore dolore magna aliqua enim ad minim veniam.<\/p>\n<p>\t\t\t\t<a href=\"https:\/\/www.youtube.com\/watch?v=2SCgwB037yI\"><br \/>\n\t\t\t\t\t\t\t\t<\/a><br \/>\n\t\t\t\t\t<a href=\"https:\/\/www.youtube.com\/watch?v=2SCgwB037yI\">Video Intro<br \/> About Our Company<\/a><\/p>\n<h5>Reason for people choose us<\/h5>\n<h2>Choose data science analysis<br \/>\nservice by category.<\/h2>\n<p>Data management technologies global data marketplaces and award-winning customer service lorem.<\/p>\n<p>\t\t\t01<br \/>\n\t\t\t02<br \/>\n\t\t\t03\t\t<\/p>\n<h3>Data for All Your People<\/h3>\n<p>Data management techn global marketplaces and award-winning customer.<\/p>\n<h3>A New Breed of AI<\/h3>\n<p>Data management techn global marketplaces and award-winning customer.<\/p>\n<h3>Analytics Business Data  <\/h3>\n<p>Data management techn global marketplaces and award-winning customer.<\/p>\n<p>\t\t<img loading=\"lazy\" decoding=\"async\" width=\"270\" height=\"310\" src=\"https:\/\/vantis.pt\/vantissuite2\/wp-content\/uploads\/2020\/04\/why-choose-img-01.jpg\" alt=\"\" loading=\"lazy\" srcset=\"https:\/\/vantis.pt\/vantissuite2\/wp-content\/uploads\/2020\/04\/why-choose-img-01.jpg 270w, https:\/\/jupiterx.artbees.net\/data-analysis\/wp-content\/uploads\/sites\/384\/2020\/04\/why-choose-img-01-261x300.jpg 261w\" sizes=\"auto, (max-width: 270px) 100vw, 270px\" \/><br \/>\n\t\t<img loading=\"lazy\" decoding=\"async\" width=\"372\" height=\"468\" src=\"https:\/\/vantis.pt\/vantissuite2\/wp-content\/uploads\/2020\/04\/why-choose-img-03.jpg\" alt=\"\" loading=\"lazy\" srcset=\"https:\/\/vantis.pt\/vantissuite2\/wp-content\/uploads\/2020\/04\/why-choose-img-03.jpg 372w, https:\/\/jupiterx.artbees.net\/data-analysis\/wp-content\/uploads\/sites\/384\/2020\/04\/why-choose-img-03-238x300.jpg 238w\" sizes=\"auto, (max-width: 372px) 100vw, 372px\" \/><br \/>\n\t\t<img loading=\"lazy\" decoding=\"async\" width=\"270\" height=\"310\" src=\"https:\/\/vantis.pt\/vantissuite2\/wp-content\/uploads\/2020\/04\/why-choose-img-02.jpg\" alt=\"\" loading=\"lazy\" srcset=\"https:\/\/vantis.pt\/vantissuite2\/wp-content\/uploads\/2020\/04\/why-choose-img-02.jpg 270w, https:\/\/jupiterx.artbees.net\/data-analysis\/wp-content\/uploads\/sites\/384\/2020\/04\/why-choose-img-02-261x300.jpg 261w\" sizes=\"auto, (max-width: 270px) 100vw, 270px\" \/><br \/>\n\t\t\t<a href=\"https:\/\/www.youtube.com\/watch?v=2SCgwB037yI\" target=\"_blank\" rel=\"noopener noreferrer\"><br \/>\n\t\t\t\t<svg xmlns=\"http:\/\/www.w3.org\/2000\/svg\" width=\"13.656\" height=\"13.656\" viewBox=\"0 0 13.656 13.656\"><defs><\/p>\n<style>\n      .cls-1 {\n        fill: #660ff2;\n        fill-rule: evenodd;\n      }\n    <\/style>\n<p><\/defs><path id=\"play\" d=\"M600.829,717.4l13.672,6.8-13.672,6.875V717.4ZM602,719.311v9.844l9.883-4.961Z\" transform=\"translate(-600.844 -717.406)\"><\/path><\/svg>\t\t\t<\/a><\/p>\n<h2>Transform your business faster<br \/>\nusing data analysis.<\/h2>\n<p>Data management technologies global data marketplaces<\/p>\n<p>\t\t\t\t\t\t0<br \/>\n\t\t\t\t\t\tk+<br \/>\n\t\t\t\t\t\t\t\t\t\t\tCustomer Buildwe love<br \/>\n\t\t\t\t\t\t0<br \/>\n\t\t\t\t\t\t%<br \/>\n\t\t\t\t\t\t\t\t\t\t\tFully Customer Satisfaction<\/p>\n<figure><img decoding=\"async\" src=\"https:\/\/vantis.pt\/vantissuite2\/wp-content\/uploads\/2020\/04\/testimonial-img-1.png\" alt=\"testimonial-img\"><\/figure>\n<p><?xml version=\"1.0\" encoding=\"UTF-8\"?><br \/>\n<svg viewBox=\"0 0 65.5 41\" xmlns=\"http:\/\/www.w3.org\/2000\/svg\">\n<defs><\/p>\n<style>.cls-1 {\n        fill: none;\n        stroke: #ff4357;\n        stroke-width: 1px;\n        fill-rule: evenodd;\n      }<\/style>\n<p><\/defs>\n<path transform=\"translate(-773 -3323.5)\" d=\"m789.74 3334.4c0.139-5.6 3.827-10.35 3.827-10.35-21.564 10.79-20.046 25.14-20.046 25.14a14.85 14.85 0 1 0 16.219-14.79zm34.784 0c0.14-5.6 3.827-10.35 3.827-10.35-21.564 10.79-20.045 25.14-20.045 25.14a14.849 14.849 0 1 0 16.218-14.79z\"\/>\n<\/svg><\/p>\n<p>Reprehent in voluptate velit esse cillum dolore euesi fugiat resti<br \/>\nnulla pariatur. Excepteur sint occaecat cupidata provident emoi<br \/>\nsunt in culpa qui officia deserunt mollit anim in voluptates paina<br \/>\nesse cillum dolore fugiat.<\/p>\n<p>Lewis HendersonUI\/UX Designer, Artbees Themes<\/p>\n<figure><img decoding=\"async\" src=\"https:\/\/vantis.pt\/vantissuite2\/wp-content\/uploads\/2020\/04\/testimonial-img-01.png\" alt=\"testimonial-img-01\"><\/figure>\n<p><?xml version=\"1.0\" encoding=\"UTF-8\"?><br \/>\n<svg viewBox=\"0 0 65.5 41\" xmlns=\"http:\/\/www.w3.org\/2000\/svg\">\n<defs><\/p>\n<style>.cls-1 {\n        fill: none;\n        stroke: #ff4357;\n        stroke-width: 1px;\n        fill-rule: evenodd;\n      }<\/style>\n<p><\/defs>\n<path transform=\"translate(-773 -3323.5)\" d=\"m789.74 3334.4c0.139-5.6 3.827-10.35 3.827-10.35-21.564 10.79-20.046 25.14-20.046 25.14a14.85 14.85 0 1 0 16.219-14.79zm34.784 0c0.14-5.6 3.827-10.35 3.827-10.35-21.564 10.79-20.045 25.14-20.045 25.14a14.849 14.849 0 1 0 16.218-14.79z\"\/>\n<\/svg><\/p>\n<p>Reprehent in voluptate velit esse cillum dolore euesi fugiat resti<br \/>\nnulla pariatur. Excepteur sint occaecat cupidata provident emoi<br \/>\nsunt in culpa qui officia deserunt mollit anim in voluptates paina<br \/>\nesse cillum dolore fugiat.<\/p>\n<p>John SmithUI\/UX Designer, Artbees Themes<\/p>\n<h5>OUR professional team member<\/h5>\n<h2>Take a look to our professional<br \/>\nteam members.<\/h2>\n<figure><img decoding=\"async\" src=\"https:\/\/vantis.pt\/vantissuite2\/wp-content\/uploads\/2020\/04\/team-img-01.jpg\" alt=\"team-img-01\" ><\/figure>\n<h3>Kenneth  Patton<\/h3>\n<p>Team Leader<\/p>\n<figure><img decoding=\"async\" src=\"https:\/\/vantis.pt\/vantissuite2\/wp-content\/uploads\/2020\/04\/team-img-02.jpg\" alt=\"team-img-02\" ><\/figure>\n<h3>Isabelle  Sandoval<\/h3>\n<p>Founder &amp; CEO<\/p>\n<figure><img decoding=\"async\" src=\"https:\/\/vantis.pt\/vantissuite2\/wp-content\/uploads\/2020\/04\/team-img-03.jpg\" alt=\"team-img-03\" ><\/figure>\n<h3>Danny  Joseph<\/h3>\n<p>Member<\/p>\n<figure><img decoding=\"async\" src=\"https:\/\/vantis.pt\/vantissuite2\/wp-content\/uploads\/2020\/04\/team-img-01.jpg\" alt=\"team-img-01\" ><\/figure>\n<h3>Ray  McCarthy<\/h3>\n<p>Member<\/p>\n","protected":false},"excerpt":{"rendered":"<p>About Us Home Year\u2019s of exprience in this game. About our company We provides realtime data solutions your data Will travel security. Data management technologies global data marketplaces and award-winning customer service lorem ipsum dolor ametctetur adipisicing elit, sed do eiusmod tempor incididunt labore dolore magna aliqua enim ad minim veniam. Video Intro About Our [&hellip;]<\/p>\n","protected":false},"author":2,"featured_media":0,"parent":0,"menu_order":0,"comment_status":"closed","ping_status":"closed","template":"full-width.php","meta":{"_acf_changed":false,"footnotes":""},"class_list":["post-1499","page","type-page","status-publish","hentry"],"acf":[],"yoast_head":"<!-- This site is optimized with the Yoast SEO plugin v27.5 - https:\/\/yoast.com\/product\/yoast-seo-wordpress\/ -->\n<title>Vantis Suite<\/title>\n<meta name=\"description\" content=\"Vantis Suite - Software para gest\u00e3o e manuten\u00e7\u00e3o do seu MainFrame z\/OS - Powered by Vantis software.\" \/>\n<meta name=\"robots\" content=\"index, follow, max-snippet:-1, max-image-preview:large, max-video-preview:-1\" \/>\n<link rel=\"canonical\" href=\"https:\/\/vantis.pt\/vantissuite\/sobre-nos\/?lang=en\" \/>\n<meta property=\"og:locale\" content=\"en_US\" \/>\n<meta property=\"og:type\" content=\"article\" \/>\n<meta property=\"og:title\" content=\"Vantis Suite\" \/>\n<meta property=\"og:description\" content=\"Vantis Suite - Software para gest\u00e3o e manuten\u00e7\u00e3o do seu MainFrame z\/OS - Powered by Vantis software.\" \/>\n<meta property=\"og:url\" content=\"https:\/\/vantis.pt\/vantissuite\/sobre-nos\/?lang=en\" \/>\n<meta property=\"og:site_name\" content=\"Vantis Suite\" \/>\n<meta property=\"article:publisher\" content=\"https:\/\/www.facebook.com\/VantisTI\/\" \/>\n<meta property=\"og:image\" content=\"https:\/\/vantis.pt\/vantissuite2\/wp-content\/uploads\/2020\/04\/30.png\" \/>\n<meta name=\"twitter:card\" content=\"summary_large_image\" \/>\n<meta name=\"twitter:label1\" content=\"Est. reading time\" \/>\n\t<meta name=\"twitter:data1\" content=\"4 minutes\" \/>\n<script type=\"application\/ld+json\" class=\"yoast-schema-graph\">{\"@context\":\"https:\\\/\\\/schema.org\",\"@graph\":[{\"@type\":\"WebPage\",\"@id\":\"https:\\\/\\\/vantis.pt\\\/vantissuite\\\/sobre-nos\\\/?lang=en\",\"url\":\"https:\\\/\\\/vantis.pt\\\/vantissuite\\\/sobre-nos\\\/?lang=en\",\"name\":\"Vantis Suite\",\"isPartOf\":{\"@id\":\"https:\\\/\\\/vantis.pt\\\/vantissuite\\\/#website\"},\"primaryImageOfPage\":{\"@id\":\"https:\\\/\\\/vantis.pt\\\/vantissuite\\\/sobre-nos\\\/?lang=en#primaryimage\"},\"image\":{\"@id\":\"https:\\\/\\\/vantis.pt\\\/vantissuite\\\/sobre-nos\\\/?lang=en#primaryimage\"},\"thumbnailUrl\":\"https:\\\/\\\/vantis.pt\\\/vantissuite2\\\/wp-content\\\/uploads\\\/2020\\\/04\\\/30.png\",\"datePublished\":\"2020-04-11T08:28:43+00:00\",\"description\":\"Vantis Suite - Software para gest\u00e3o e manuten\u00e7\u00e3o do seu MainFrame z\\\/OS - Powered by Vantis software.\",\"breadcrumb\":{\"@id\":\"https:\\\/\\\/vantis.pt\\\/vantissuite\\\/sobre-nos\\\/?lang=en#breadcrumb\"},\"inLanguage\":\"en-US\",\"potentialAction\":[{\"@type\":\"ReadAction\",\"target\":[\"https:\\\/\\\/vantis.pt\\\/vantissuite\\\/sobre-nos\\\/?lang=en\"]}]},{\"@type\":\"ImageObject\",\"inLanguage\":\"en-US\",\"@id\":\"https:\\\/\\\/vantis.pt\\\/vantissuite\\\/sobre-nos\\\/?lang=en#primaryimage\",\"url\":\"https:\\\/\\\/vantis.pt\\\/vantissuite\\\/wp-content\\\/uploads\\\/2020\\\/04\\\/30.png\",\"contentUrl\":\"https:\\\/\\\/vantis.pt\\\/vantissuite\\\/wp-content\\\/uploads\\\/2020\\\/04\\\/30.png\",\"width\":591,\"height\":391},{\"@type\":\"BreadcrumbList\",\"@id\":\"https:\\\/\\\/vantis.pt\\\/vantissuite\\\/sobre-nos\\\/?lang=en#breadcrumb\",\"itemListElement\":[{\"@type\":\"ListItem\",\"position\":1,\"name\":\"In\u00edcio\",\"item\":\"https:\\\/\\\/vantis.pt\\\/vantissuite\\\/\"},{\"@type\":\"ListItem\",\"position\":2,\"name\":\"Sobre n\u00f3s\"}]},{\"@type\":\"WebSite\",\"@id\":\"https:\\\/\\\/vantis.pt\\\/vantissuite\\\/#website\",\"url\":\"https:\\\/\\\/vantis.pt\\\/vantissuite\\\/\",\"name\":\"Vantis Suite\",\"description\":\"Criando Vantagens Competitivass\",\"publisher\":{\"@id\":\"https:\\\/\\\/vantis.pt\\\/vantissuite\\\/#organization\"},\"potentialAction\":[{\"@type\":\"SearchAction\",\"target\":{\"@type\":\"EntryPoint\",\"urlTemplate\":\"https:\\\/\\\/vantis.pt\\\/vantissuite\\\/?s={search_term_string}\"},\"query-input\":{\"@type\":\"PropertyValueSpecification\",\"valueRequired\":true,\"valueName\":\"search_term_string\"}}],\"inLanguage\":\"en-US\"},{\"@type\":\"Organization\",\"@id\":\"https:\\\/\\\/vantis.pt\\\/vantissuite\\\/#organization\",\"name\":\"Vantis II Software, Lda\",\"url\":\"https:\\\/\\\/vantis.pt\\\/vantissuite\\\/\",\"logo\":{\"@type\":\"ImageObject\",\"inLanguage\":\"en-US\",\"@id\":\"https:\\\/\\\/vantis.pt\\\/vantissuite\\\/#\\\/schema\\\/logo\\\/image\\\/\",\"url\":\"https:\\\/\\\/vantis.pt\\\/vantissuite2\\\/wp-content\\\/uploads\\\/2020\\\/04\\\/logo_VS_site-01-01.png\",\"contentUrl\":\"https:\\\/\\\/vantis.pt\\\/vantissuite2\\\/wp-content\\\/uploads\\\/2020\\\/04\\\/logo_VS_site-01-01.png\",\"width\":417,\"height\":125,\"caption\":\"Vantis II Software, Lda\"},\"image\":{\"@id\":\"https:\\\/\\\/vantis.pt\\\/vantissuite\\\/#\\\/schema\\\/logo\\\/image\\\/\"},\"sameAs\":[\"https:\\\/\\\/www.facebook.com\\\/VantisTI\\\/\",\"https:\\\/\\\/www.linkedin.com\\\/company\\\/vantis-ti\\\/\"]}]}<\/script>\n<!-- \/ Yoast SEO plugin. -->","yoast_head_json":{"title":"Vantis Suite","description":"Vantis Suite - Software para gest\u00e3o e manuten\u00e7\u00e3o do seu MainFrame z\/OS - Powered by Vantis software.","robots":{"index":"index","follow":"follow","max-snippet":"max-snippet:-1","max-image-preview":"max-image-preview:large","max-video-preview":"max-video-preview:-1"},"canonical":"https:\/\/vantis.pt\/vantissuite\/sobre-nos\/?lang=en","og_locale":"en_US","og_type":"article","og_title":"Vantis Suite","og_description":"Vantis Suite - Software para gest\u00e3o e manuten\u00e7\u00e3o do seu MainFrame z\/OS - Powered by Vantis software.","og_url":"https:\/\/vantis.pt\/vantissuite\/sobre-nos\/?lang=en","og_site_name":"Vantis Suite","article_publisher":"https:\/\/www.facebook.com\/VantisTI\/","og_image":[{"url":"https:\/\/vantis.pt\/vantissuite2\/wp-content\/uploads\/2020\/04\/30.png","type":"","width":"","height":""}],"twitter_card":"summary_large_image","twitter_misc":{"Est. reading time":"4 minutes"},"schema":{"@context":"https:\/\/schema.org","@graph":[{"@type":"WebPage","@id":"https:\/\/vantis.pt\/vantissuite\/sobre-nos\/?lang=en","url":"https:\/\/vantis.pt\/vantissuite\/sobre-nos\/?lang=en","name":"Vantis Suite","isPartOf":{"@id":"https:\/\/vantis.pt\/vantissuite\/#website"},"primaryImageOfPage":{"@id":"https:\/\/vantis.pt\/vantissuite\/sobre-nos\/?lang=en#primaryimage"},"image":{"@id":"https:\/\/vantis.pt\/vantissuite\/sobre-nos\/?lang=en#primaryimage"},"thumbnailUrl":"https:\/\/vantis.pt\/vantissuite2\/wp-content\/uploads\/2020\/04\/30.png","datePublished":"2020-04-11T08:28:43+00:00","description":"Vantis Suite - Software para gest\u00e3o e manuten\u00e7\u00e3o do seu MainFrame z\/OS - Powered by Vantis software.","breadcrumb":{"@id":"https:\/\/vantis.pt\/vantissuite\/sobre-nos\/?lang=en#breadcrumb"},"inLanguage":"en-US","potentialAction":[{"@type":"ReadAction","target":["https:\/\/vantis.pt\/vantissuite\/sobre-nos\/?lang=en"]}]},{"@type":"ImageObject","inLanguage":"en-US","@id":"https:\/\/vantis.pt\/vantissuite\/sobre-nos\/?lang=en#primaryimage","url":"https:\/\/vantis.pt\/vantissuite\/wp-content\/uploads\/2020\/04\/30.png","contentUrl":"https:\/\/vantis.pt\/vantissuite\/wp-content\/uploads\/2020\/04\/30.png","width":591,"height":391},{"@type":"BreadcrumbList","@id":"https:\/\/vantis.pt\/vantissuite\/sobre-nos\/?lang=en#breadcrumb","itemListElement":[{"@type":"ListItem","position":1,"name":"In\u00edcio","item":"https:\/\/vantis.pt\/vantissuite\/"},{"@type":"ListItem","position":2,"name":"Sobre n\u00f3s"}]},{"@type":"WebSite","@id":"https:\/\/vantis.pt\/vantissuite\/#website","url":"https:\/\/vantis.pt\/vantissuite\/","name":"Vantis Suite","description":"Criando Vantagens Competitivass","publisher":{"@id":"https:\/\/vantis.pt\/vantissuite\/#organization"},"potentialAction":[{"@type":"SearchAction","target":{"@type":"EntryPoint","urlTemplate":"https:\/\/vantis.pt\/vantissuite\/?s={search_term_string}"},"query-input":{"@type":"PropertyValueSpecification","valueRequired":true,"valueName":"search_term_string"}}],"inLanguage":"en-US"},{"@type":"Organization","@id":"https:\/\/vantis.pt\/vantissuite\/#organization","name":"Vantis II Software, Lda","url":"https:\/\/vantis.pt\/vantissuite\/","logo":{"@type":"ImageObject","inLanguage":"en-US","@id":"https:\/\/vantis.pt\/vantissuite\/#\/schema\/logo\/image\/","url":"https:\/\/vantis.pt\/vantissuite2\/wp-content\/uploads\/2020\/04\/logo_VS_site-01-01.png","contentUrl":"https:\/\/vantis.pt\/vantissuite2\/wp-content\/uploads\/2020\/04\/logo_VS_site-01-01.png","width":417,"height":125,"caption":"Vantis II Software, Lda"},"image":{"@id":"https:\/\/vantis.pt\/vantissuite\/#\/schema\/logo\/image\/"},"sameAs":["https:\/\/www.facebook.com\/VantisTI\/","https:\/\/www.linkedin.com\/company\/vantis-ti\/"]}]}},"_links":{"self":[{"href":"https:\/\/vantis.pt\/vantissuite\/wp-json\/wp\/v2\/pages\/1499","targetHints":{"allow":["GET"]}}],"collection":[{"href":"https:\/\/vantis.pt\/vantissuite\/wp-json\/wp\/v2\/pages"}],"about":[{"href":"https:\/\/vantis.pt\/vantissuite\/wp-json\/wp\/v2\/types\/page"}],"author":[{"embeddable":true,"href":"https:\/\/vantis.pt\/vantissuite\/wp-json\/wp\/v2\/users\/2"}],"replies":[{"embeddable":true,"href":"https:\/\/vantis.pt\/vantissuite\/wp-json\/wp\/v2\/comments?post=1499"}],"version-history":[{"count":0,"href":"https:\/\/vantis.pt\/vantissuite\/wp-json\/wp\/v2\/pages\/1499\/revisions"}],"wp:attachment":[{"href":"https:\/\/vantis.pt\/vantissuite\/wp-json\/wp\/v2\/media?parent=1499"}],"curies":[{"name":"wp","href":"https:\/\/api.w.org\/{rel}","templated":true}]}}